{"id":81,"date":"2018-01-12T15:01:36","date_gmt":"2018-01-12T14:01:36","guid":{"rendered":"http:\/\/www.photo-univers.net\/depotvente\/?page_id=81"},"modified":"2019-12-27T14:58:49","modified_gmt":"2019-12-27T13:58:49","slug":"aide","status":"publish","type":"page","link":"https:\/\/www.photo-univers.net\/depotvente\/aide\/","title":{"rendered":"Aide"},"content":{"rendered":"<p>Vous avez un soucis avec un formulaire ? Contactez le webmaster du site :<\/p>\n<p>&nbsp;<\/p>\n<div class=\"frm_forms  with_frm_style frm_style_formidable-style\" id=\"frm_form_5_container\" >\n<form enctype=\"multipart\/form-data\" method=\"post\" class=\"frm-show-form  frm_pro_form \" id=\"form_contact-form\"  >\n<div class=\"frm_form_fields \">\n<fieldset>\n<legend class=\"frm_hidden\">Contact Us<\/legend>\r\n\r\n<input type=\"hidden\" name=\"frm_action\" value=\"create\" \/>\n<input type=\"hidden\" name=\"form_id\" value=\"5\" \/>\n<input type=\"hidden\" name=\"frm_hide_fields_5\" id=\"frm_hide_fields_5\" value=\"\" \/>\n<input type=\"hidden\" name=\"form_key\" value=\"contact-form\" \/>\n<input type=\"hidden\" name=\"item_meta[0]\" value=\"\" \/>\n<input type=\"hidden\" id=\"frm_submit_entry_5\" name=\"frm_submit_entry_5\" value=\"6c7f3dbb6e\" \/><input type=\"hidden\" name=\"_wp_http_referer\" value=\"\/depotvente\/wp-json\/wp\/v2\/pages\/81\" \/><input type=\"text\" class=\"frm_hidden frm_verify\" id=\"frm_verify_5\" name=\"frm_verify\" value=\"\"  \/>\n<div id=\"frm_field_62_container\" class=\"frm_form_field form-field  frm_required_field frm_top_container frm_first frm_half\">\r\n    <label for=\"field_qh4icy2\" class=\"frm_primary_label\">Nom\r\n        <span class=\"frm_required\">*<\/span>\r\n    <\/label>\r\n    <input type=\"text\" id=\"field_qh4icy2\" name=\"item_meta[62]\" value=\"\"  data-reqmsg=\"Ce champ ne peut pas \u00eatre vide\"  \/>\n\r\n    \r\n    \r\n<\/div>\n<div id=\"frm_field_64_container\" class=\"frm_form_field form-field  frm_required_field frm_top_container frm_full\">\r\n    <label for=\"field_29yf4d2\" class=\"frm_primary_label\">Email\r\n        <span class=\"frm_required\">*<\/span>\r\n    <\/label>\r\n    <input type=\"email\" id=\"field_29yf4d2\" name=\"item_meta[64]\" value=\"\"  data-reqmsg=\"Ce champ ne peut pas \u00eatre vide\" data-invmsg=\"Please enter a valid email address\"  \/>\n\r\n    \r\n    \r\n<\/div>\n<div id=\"frm_field_65_container\" class=\"frm_form_field form-field  frm_required_field frm_top_container frm_full\">\r\n    <label for=\"field_e6lis62\" class=\"frm_primary_label\">Sujet\r\n        <span class=\"frm_required\">*<\/span>\r\n    <\/label>\r\n    <input type=\"text\" id=\"field_e6lis62\" name=\"item_meta[65]\" value=\"\"  data-reqmsg=\"Ce champ ne peut pas \u00eatre vide\"  \/>\n\r\n    \r\n    \r\n<\/div>\n<div id=\"frm_field_66_container\" class=\"frm_form_field form-field  frm_required_field frm_top_container frm_full\">\r\n    <label for=\"field_9jv0r12\" class=\"frm_primary_label\">Message\r\n        <span class=\"frm_required\">*<\/span>\r\n    <\/label>\r\n    <textarea name=\"item_meta[66]\" id=\"field_9jv0r12\" rows=\"5\"  data-reqmsg=\"Ce champ ne peut pas \u00eatre vide\"  ><\/textarea>\n\r\n    \r\n    \r\n<\/div>\n<div id=\"frm_field_320_container\" class=\"frm_form_field form-field  frm_required_field frm_top_container\">\r\n    <label  class=\"frm_primary_label\">Protection des donn\u00e9es personnelles\r\n        <span class=\"frm_required\">*<\/span>\r\n    <\/label>\r\n    <div class=\"frm_opt_container\">\t\t\t<div class=\"frm_checkbox\" id=\"frm_checkbox_320-0\">\n\t\t\t\t\t\t\t\t\t<label for=\"field_hoknk-0\">\n\t\t\t\t\t\t\t<input type=\"checkbox\" name=\"item_meta[320][]\" id=\"field_hoknk-0\" value=\"Oui\"   data-reqmsg=\"Ce champ ne peut pas \u00eatre vide\"   \/>\n\t\t\t Oui<\/label>\t\t\t<\/div>\n<\/div>\r\n    <div class=\"frm_description\">En soumettant ce formulaire, j'accepte que les informations saisies soient exploit\u00e9es pour r\u00e9pondre \u00e0 mon message et dans le cadre de la relation commerciale qui peut en d\u00e9couler. Elles ne seront jamais utilis\u00e9es \u00e0 des fins publicitaires ni revendues \u00e0 d'autres soci\u00e9t\u00e9s.<\/div>\r\n    \r\n<\/div>\n<input type=\"hidden\" name=\"item_key\" value=\"\" \/>\n<div class=\"frm_submit\">\r\n\r\n<button class=\"frm_button_submit frm_final_submit\" type=\"submit\"   formnovalidate=\"formnovalidate\">Submit<\/button>\r\n\r\n<\/div><\/fieldset>\n<\/div>\n<\/form>\n<\/div>\n\n<p>&nbsp;<\/p>\n","protected":false},"excerpt":{"rendered":"<p class=\"qua-blog-post-description\">Vous avez un soucis avec un formulaire ? Contactez le webmaster du site : &nbsp; &nbsp;<\/p>\n","protected":false},"author":1,"featured_media":0,"parent":0,"menu_order":0,"comment_status":"closed","ping_status":"closed","template":"","meta":{"footnotes":""},"_links":{"self":[{"href":"https:\/\/www.photo-univers.net\/depotvente\/wp-json\/wp\/v2\/pages\/81"}],"collection":[{"href":"https:\/\/www.photo-univers.net\/depotvente\/wp-json\/wp\/v2\/pages"}],"about":[{"href":"https:\/\/www.photo-univers.net\/depotvente\/wp-json\/wp\/v2\/types\/page"}],"author":[{"embeddable":true,"href":"https:\/\/www.photo-univers.net\/depotvente\/wp-json\/wp\/v2\/users\/1"}],"replies":[{"embeddable":true,"href":"https:\/\/www.photo-univers.net\/depotvente\/wp-json\/wp\/v2\/comments?post=81"}],"version-history":[{"count":6,"href":"https:\/\/www.photo-univers.net\/depotvente\/wp-json\/wp\/v2\/pages\/81\/revisions"}],"predecessor-version":[{"id":3647,"href":"https:\/\/www.photo-univers.net\/depotvente\/wp-json\/wp\/v2\/pages\/81\/revisions\/3647"}],"wp:attachment":[{"href":"https:\/\/www.photo-univers.net\/depotvente\/wp-json\/wp\/v2\/media?parent=81"}],"curies":[{"name":"wp","href":"https:\/\/api.w.org\/{rel}","templated":true}]}}