{"id":50,"date":"2018-01-12T09:27:20","date_gmt":"2018-01-12T08:27:20","guid":{"rendered":"http:\/\/www.photo-univers.net\/depotvente\/?page_id=50"},"modified":"2024-04-19T14:23:09","modified_gmt":"2024-04-19T12:23:09","slug":"informations","status":"publish","type":"page","link":"https:\/\/www.photo-univers.net\/depotvente\/informations\/","title":{"rendered":"Informations LE D\u00c9P\u00d4T VENTE"},"content":{"rendered":"<div class=\"col-md-12\">\n<h3 class=\"cmsh3\">NOUVEAU<\/h3>\n<p>Vendez votre\u00a0<a href=\"https:\/\/www.photo-univers.fr\/315-occasions\">mat\u00e9riel photo d&rsquo;occasion<\/a>\u00a0sur Photo Univers.<br \/>\nConfiez-nous votre produit, nous nous chargeons du reste.<br \/>\nUne transaction sans souci !<\/p>\n<\/div>\n<div class=\"col-md-12\">\n<h4>Vendeurs, nous sommes votre interm\u00e9diaire aupr\u00e8s de l\u2019acheteur<\/h4>\n<p><span class=\"fa fa-users cmsfa\">\u00a0<\/span>Nous mettons votre produit en ligne, vous b\u00e9n\u00e9ficiez ainsi de notre audience.<br \/>\n<span class=\"fa fa-question-circle-o cmsfa\">\u00a0<\/span>Nous r\u00e9pondons aux questions que peuvent se poser les acheteurs potentiels.<br \/>\n<span class=\"fa fa-credit-card cmsfa\">\u00a0<\/span>Nous assurons la transaction financi\u00e8re. (pas de risque d\u2019impay\u00e9, de fraude, de ch\u00e8que &lsquo;en bois&rsquo; \u2026 )<br \/>\n<span class=\"fa fa-truck cmsfa\">\u00a0<\/span>Nous nous chargeons de l\u2019emballage et de l\u2019exp\u00e9dition, comme des produits neufs.<\/p>\n<\/div>\n<div class=\"col-md-12\">\n<h4>Acheteurs, les points cl\u00e9s d&rsquo;une bonne occasion<\/h4>\n<p><span class=\"fa fa-file-text cmsfa\">\u00a0<\/span>Nous nous assurons que les produits ont \u00e9t\u00e9 achet\u00e9s l\u00e9galement, nous ne mettons en vente que du mat\u00e9riel dont nous obtenons la facture d\u2019achat.<br \/>\n<span class=\"fa fa-check-square cmsfa\">\u00a0<\/span>Nous ne mettons en vente que des articles dont nous estimons que l\u2019\u00e9tat est conforme \u00e0 la revente apr\u00e8s un contr\u00f4le approfondi.<br \/>\n<span class=\"fa fa-camera cmsfa\">\u00a0<\/span>Vous b\u00e9n\u00e9ficiez d&rsquo;un garantie d&rsquo;un an contre les pannes sur tous les mat\u00e9riels d\u2019occasion.<br \/>\n<span class=\"fa fa-refresh cmsfa\">\u00a0<\/span>Vous b\u00e9n\u00e9ficiez d\u2019un d\u00e9lai de 14 jours de r\u00e9tractation comme sur un produit neuf.<\/p>\n<\/div>\n<div class=\"col-md-12\">\n<hr \/>\n<\/div>\n<div class=\"col-md-12\">\n<h3 class=\"cmsh3\">QUELLE EST LA PROC\u00c9DURE ?<\/h3>\n<\/div>\n\t\t\t\t\t\t\t<h3 style=\"margin-bottom:20px;display:block;width:100%;margin-top:10px\">Informations D\u00e9p\u00f4t-Vente <\/h3>\r\n\t\t\t\t\t\t<style>\r\n\t\t\t\t<style>\r\n#wpsm_accordion_52 .wpsm_panel-heading{\r\n\tpadding:0px !important;\r\n}\r\n#wpsm_accordion_52 .wpsm_panel-title {\r\n\tmargin:0px !important; \r\n\ttext-transform:none !important;\r\n\tline-height: 1 !important;\r\n}\r\n#wpsm_accordion_52 .wpsm_panel-title a{\r\n\ttext-decoration:none;\r\n\toverflow:hidden;\r\n\tdisplay:block;\r\n\tpadding:0px;\r\n\tfont-size: 18px !important;\r\n\tfont-family: Open Sans !important;\r\n\tcolor:#000000 !important;\r\n\tborder-bottom:0px !important;\r\n}\r\n\r\n#wpsm_accordion_52 .wpsm_panel-title a:focus {\r\noutline: 0px !important;\r\n}\r\n\r\n#wpsm_accordion_52 .wpsm_panel-title a:hover, #wpsm_accordion_52 .wpsm_panel-title a:focus {\r\n\tcolor:#000000 !important;\r\n}\r\n#wpsm_accordion_52 .acc-a{\r\n\tcolor: #000000 !important;\r\n\tbackground-color:#e8e8e8 !important;\r\n\tborder-color: #ddd;\r\n}\r\n#wpsm_accordion_52 .wpsm_panel-default > .wpsm_panel-heading{\r\n\tcolor: #000000 !important;\r\n\tbackground-color: #e8e8e8 !important;\r\n\tborder-color: #e8e8e8 !important;\r\n\tborder-top-left-radius: 0px;\r\n\tborder-top-right-radius: 0px;\r\n}\r\n#wpsm_accordion_52 .wpsm_panel-default {\r\n\t\tborder:1px solid transparent !important;\r\n\t}\r\n#wpsm_accordion_52 {\r\n\tmargin-bottom: 20px;\r\n\toverflow: hidden;\r\n\tfloat: none;\r\n\twidth: 100%;\r\n\tdisplay: block;\r\n}\r\n#wpsm_accordion_52 .ac_title_class{\r\n\tdisplay: block;\r\n\tpadding-top: 12px;\r\n\tpadding-bottom: 12px;\r\n\tpadding-left: 15px;\r\n\tpadding-right: 15px;\r\n}\r\n#wpsm_accordion_52  .wpsm_panel {\r\n\toverflow:hidden;\r\n\t-webkit-box-shadow: 0 0px 0px rgba(0, 0, 0, .05);\r\n\tbox-shadow: 0 0px 0px rgba(0, 0, 0, .05);\r\n\t\tborder-radius: 4px;\r\n\t}\r\n#wpsm_accordion_52  .wpsm_panel + .wpsm_panel {\r\n\t\tmargin-top: 5px;\r\n\t}\r\n#wpsm_accordion_52  .wpsm_panel-body{\r\n\tbackground-color:#ffffff !important;\r\n\tcolor:#000000 !important;\r\n\tborder-top-color: #e8e8e8 !important;\r\n\tfont-size:16px !important;\r\n\tfont-family: Open Sans !important;\r\n\toverflow: hidden;\r\n\t\tborder: 2px solid #e8e8e8 !important;\r\n\t}\r\n\r\n#wpsm_accordion_52 .ac_open_cl_icon{\r\n\tbackground-color:#e8e8e8 !important;\r\n\tcolor: #000000 !important;\r\n\tfloat:right !important;\r\n\tpadding-top: 12px !important;\r\n\tpadding-bottom: 12px !important;\r\n\tline-height: 1.0 !important;\r\n\tpadding-left: 15px !important;\r\n\tpadding-right: 15px !important;\r\n\tdisplay: inline-block !important;\r\n}\r\n\r\n\t\t\t\r\n\t\t\t<\/style>\t\r\n\t\t\t<\/style>\r\n\t\t\t<div class=\"wpsm_panel-group\" id=\"wpsm_accordion_52\" >\r\n\t\t\t\t\t\t\t\t\r\n\t\t\t\t\t<!-- Inner panel Start -->\r\n\t\t\t\t\t<div class=\"wpsm_panel wpsm_panel-default\">\r\n\t\t\t\t\t\t<div class=\"wpsm_panel-heading\" role=\"tab\" >\r\n\t\t\t\t\t\t  <h4 class=\"wpsm_panel-title\">\r\n\t\t\t\t\t\t\t<a  class=\"\"  data-toggle=\"collapse\" data-parent=\"#wpsm_accordion_52 \" href=\"javascript:void(0)\" data-target=\"#ac_52_collapse1\" onclick=\"do_resize()\">\r\n\t\t\t\t\t\t\t\t\t\t\t\t\t\t\t\t\t<span class=\"ac_open_cl_icon fa fa-minus\"><\/span>\r\n\t\t\t\t\t\t\t\t\t\r\n\t\t\t\t\t\t\t\t \r\n\t\t\t\t\t\t\t\t<span class=\"ac_title_class\">\r\n\t\t\t\t\t\t\t\t\t\t\t\t\t\t\t\t\t\t\t\t<span style=\"margin-right:6px;\" class=\"fa fa-envelope-o\"><\/span>\r\n\t\t\t\t\t\t\t\t\t1. Contact\t\t\t\t\t\t\t\t<\/span>\r\n\t\t\t\t\t\t\t<\/a>\r\n\t\t\t\t\t\t  <\/h4>\r\n\t\t\t\t\t\t<\/div>\r\n\t\t\t\t\t\t<div id=\"ac_52_collapse1\" class=\"wpsm_panel-collapse collapse in\"  >\r\n\t\t\t\t\t\t  <div class=\"wpsm_panel-body\">\r\n\t\t\t\t\t\t\t<a href=\"\/depotvente\">Remplissez le formulaire<\/a>\t\t\t\t\t\t  <\/div>\r\n\t\t\t\t\t\t<\/div>\r\n\t\t\t\t\t<\/div>\r\n\t\t\t\t\t<!-- Inner panel End -->\r\n\t\t\t\t\t\r\n\t\t\t\t\t\t\t\t\r\n\t\t\t\t\t<!-- Inner panel Start -->\r\n\t\t\t\t\t<div class=\"wpsm_panel wpsm_panel-default\">\r\n\t\t\t\t\t\t<div class=\"wpsm_panel-heading\" role=\"tab\" >\r\n\t\t\t\t\t\t  <h4 class=\"wpsm_panel-title\">\r\n\t\t\t\t\t\t\t<a  class=\"collapsed\"  data-toggle=\"collapse\" data-parent=\"#wpsm_accordion_52 \" href=\"javascript:void(0)\" data-target=\"#ac_52_collapse2\" onclick=\"do_resize()\">\r\n\t\t\t\t\t\t\t\t\t\t\t\t\t\t\t\t\t<span class=\"ac_open_cl_icon fa fa-plus\"><\/span>\r\n\t\t\t\t\t\t\t\t\t\r\n\t\t\t\t\t\t\t\t \r\n\t\t\t\t\t\t\t\t<span class=\"ac_title_class\">\r\n\t\t\t\t\t\t\t\t\t\t\t\t\t\t\t\t\t\t\t\t<span style=\"margin-right:6px;\" class=\"fa fa-archive\"><\/span>\r\n\t\t\t\t\t\t\t\t\t2. Envoi du mat\u00e9riel\t\t\t\t\t\t\t\t<\/span>\r\n\t\t\t\t\t\t\t<\/a>\r\n\t\t\t\t\t\t  <\/h4>\r\n\t\t\t\t\t\t<\/div>\r\n\t\t\t\t\t\t<div id=\"ac_52_collapse2\" class=\"wpsm_panel-collapse collapse \"  >\r\n\t\t\t\t\t\t  <div class=\"wpsm_panel-body\">\r\n\t\t\t\t\t\t\tSi notre proposition vous convient, vous nous envoyez votre mat\u00e9riel. Attention, vous \u00eates responsable de l'envoi, prenez donc les pr\u00e9cautions n\u00e9cessaires pour l'exp\u00e9dition en emballant au mieux votre produit et en utilisant un mode d'envoi suivi (Colissimo suivi remis contre signature par exemple). Souscrivez \u00e9galement une assurance transport le cas \u00e9ch\u00e9ant en fonction de la valeur de votre mat\u00e9riel.\r\nVous devez imp\u00e9rativement joindre \u00e0 votre envoi, la facture d\u2019achat de votre mat\u00e9riel ainsi qu\u2019une photocopie de votre pi\u00e8ce d\u2019identit\u00e9 (indispensable pour la tenue du cahier de police suivant la l\u00e9gislation qui r\u00e9git les ventes de mat\u00e9riels d\u2019occasion).\t\t\t\t\t\t  <\/div>\r\n\t\t\t\t\t\t<\/div>\r\n\t\t\t\t\t<\/div>\r\n\t\t\t\t\t<!-- Inner panel End -->\r\n\t\t\t\t\t\r\n\t\t\t\t\t\t\t\t\r\n\t\t\t\t\t<!-- Inner panel Start -->\r\n\t\t\t\t\t<div class=\"wpsm_panel wpsm_panel-default\">\r\n\t\t\t\t\t\t<div class=\"wpsm_panel-heading\" role=\"tab\" >\r\n\t\t\t\t\t\t  <h4 class=\"wpsm_panel-title\">\r\n\t\t\t\t\t\t\t<a  class=\"collapsed\"  data-toggle=\"collapse\" data-parent=\"#wpsm_accordion_52 \" href=\"javascript:void(0)\" data-target=\"#ac_52_collapse3\" onclick=\"do_resize()\">\r\n\t\t\t\t\t\t\t\t\t\t\t\t\t\t\t\t\t<span class=\"ac_open_cl_icon fa fa-plus\"><\/span>\r\n\t\t\t\t\t\t\t\t\t\r\n\t\t\t\t\t\t\t\t \r\n\t\t\t\t\t\t\t\t<span class=\"ac_title_class\">\r\n\t\t\t\t\t\t\t\t\t\t\t\t\t\t\t\t\t\t\t\t<span style=\"margin-right:6px;\" class=\"fa fa-crosshairs\"><\/span>\r\n\t\t\t\t\t\t\t\t\t3. Contr\u00f4le et confirmation\t\t\t\t\t\t\t\t<\/span>\r\n\t\t\t\t\t\t\t<\/a>\r\n\t\t\t\t\t\t  <\/h4>\r\n\t\t\t\t\t\t<\/div>\r\n\t\t\t\t\t\t<div id=\"ac_52_collapse3\" class=\"wpsm_panel-collapse collapse \"  >\r\n\t\t\t\t\t\t  <div class=\"wpsm_panel-body\">\r\n\t\t\t\t\t\t\tA r\u00e9ception, nous contr\u00f4lons votre mat\u00e9riel et vous confirmons le prix de vente si l\u2019\u00e9tat est conforme \u00e0 celui indiqu\u00e9.\r\nSi toutefois le mat\u00e9riel est \u00ab vendable \u00bb mais son \u00e9tat d\u2019usage diff\u00e9rent de celui que vous avez d\u00e9crit, une nouvelle proposition de prix de vente vous sera soumise.\r\nSi toutefois Photo-univers juge que le mat\u00e9riel n\u2019est pas conforme \u00e0 la mise en vente (pr\u00e9sente des d\u00e9fauts comme traces de choc ou oxydation par exemple), nous serons dans l\u2019obligation de vous retourner le mat\u00e9riel \u00e0 vos frais. ( 9.90\u20ac \u00e0 payer en ligne sur notre site pour le retour en Colissimo remis contre signature )\r\nIl est donc indispensable que vous soyez pr\u00e9cis et juste dans la description que vous nous faites de votre produit.\t\t\t\t\t\t  <\/div>\r\n\t\t\t\t\t\t<\/div>\r\n\t\t\t\t\t<\/div>\r\n\t\t\t\t\t<!-- Inner panel End -->\r\n\t\t\t\t\t\r\n\t\t\t\t\t\t\t\t\r\n\t\t\t\t\t<!-- Inner panel Start -->\r\n\t\t\t\t\t<div class=\"wpsm_panel wpsm_panel-default\">\r\n\t\t\t\t\t\t<div class=\"wpsm_panel-heading\" role=\"tab\" >\r\n\t\t\t\t\t\t  <h4 class=\"wpsm_panel-title\">\r\n\t\t\t\t\t\t\t<a  class=\"collapsed\"  data-toggle=\"collapse\" data-parent=\"#wpsm_accordion_52 \" href=\"javascript:void(0)\" data-target=\"#ac_52_collapse4\" onclick=\"do_resize()\">\r\n\t\t\t\t\t\t\t\t\t\t\t\t\t\t\t\t\t<span class=\"ac_open_cl_icon fa fa-plus\"><\/span>\r\n\t\t\t\t\t\t\t\t\t\r\n\t\t\t\t\t\t\t\t \r\n\t\t\t\t\t\t\t\t<span class=\"ac_title_class\">\r\n\t\t\t\t\t\t\t\t\t\t\t\t\t\t\t\t\t\t\t\t<span style=\"margin-right:6px;\" class=\"fa fa-thumb-tack\"><\/span>\r\n\t\t\t\t\t\t\t\t\t4. Signature du contrat de d\u00e9p\u00f4t vente\t\t\t\t\t\t\t\t<\/span>\r\n\t\t\t\t\t\t\t<\/a>\r\n\t\t\t\t\t\t  <\/h4>\r\n\t\t\t\t\t\t<\/div>\r\n\t\t\t\t\t\t<div id=\"ac_52_collapse4\" class=\"wpsm_panel-collapse collapse \"  >\r\n\t\t\t\t\t\t  <div class=\"wpsm_panel-body\">\r\n\t\t\t\t\t\t\tSi le mat\u00e9riel est conforme \u00e0 la mise en vente, nous vous envoyons notre contrat de d\u00e9p\u00f4t vente que vous devrez parapher, signer et nous renvoyer par mail ou courrier.\t\t\t\t\t\t  <\/div>\r\n\t\t\t\t\t\t<\/div>\r\n\t\t\t\t\t<\/div>\r\n\t\t\t\t\t<!-- Inner panel End -->\r\n\t\t\t\t\t\r\n\t\t\t\t\t\t\t\t\r\n\t\t\t\t\t<!-- Inner panel Start -->\r\n\t\t\t\t\t<div class=\"wpsm_panel wpsm_panel-default\">\r\n\t\t\t\t\t\t<div class=\"wpsm_panel-heading\" role=\"tab\" >\r\n\t\t\t\t\t\t  <h4 class=\"wpsm_panel-title\">\r\n\t\t\t\t\t\t\t<a  class=\"collapsed\"  data-toggle=\"collapse\" data-parent=\"#wpsm_accordion_52 \" href=\"javascript:void(0)\" data-target=\"#ac_52_collapse5\" onclick=\"do_resize()\">\r\n\t\t\t\t\t\t\t\t\t\t\t\t\t\t\t\t\t<span class=\"ac_open_cl_icon fa fa-plus\"><\/span>\r\n\t\t\t\t\t\t\t\t\t\r\n\t\t\t\t\t\t\t\t \r\n\t\t\t\t\t\t\t\t<span class=\"ac_title_class\">\r\n\t\t\t\t\t\t\t\t\t\t\t\t\t\t\t\t\t\t\t\t<span style=\"margin-right:6px;\" class=\"fa fa-gavel\"><\/span>\r\n\t\t\t\t\t\t\t\t\t5. Mise en vente\t\t\t\t\t\t\t\t<\/span>\r\n\t\t\t\t\t\t\t<\/a>\r\n\t\t\t\t\t\t  <\/h4>\r\n\t\t\t\t\t\t<\/div>\r\n\t\t\t\t\t\t<div id=\"ac_52_collapse5\" class=\"wpsm_panel-collapse collapse \"  >\r\n\t\t\t\t\t\t  <div class=\"wpsm_panel-body\">\r\n\t\t\t\t\t\t\tD\u00e8s r\u00e9ception du contrat, nous mettons en ligne votre mat\u00e9riel sous 7 jours maximum, votre produit devient donc disponible \u00e0 la vente.\t\t\t\t\t\t  <\/div>\r\n\t\t\t\t\t\t<\/div>\r\n\t\t\t\t\t<\/div>\r\n\t\t\t\t\t<!-- Inner panel End -->\r\n\t\t\t\t\t\r\n\t\t\t\t\t\t\t\t\r\n\t\t\t\t\t<!-- Inner panel Start -->\r\n\t\t\t\t\t<div class=\"wpsm_panel wpsm_panel-default\">\r\n\t\t\t\t\t\t<div class=\"wpsm_panel-heading\" role=\"tab\" >\r\n\t\t\t\t\t\t  <h4 class=\"wpsm_panel-title\">\r\n\t\t\t\t\t\t\t<a  class=\"collapsed\"  data-toggle=\"collapse\" data-parent=\"#wpsm_accordion_52 \" href=\"javascript:void(0)\" data-target=\"#ac_52_collapse6\" onclick=\"do_resize()\">\r\n\t\t\t\t\t\t\t\t\t\t\t\t\t\t\t\t\t<span class=\"ac_open_cl_icon fa fa-plus\"><\/span>\r\n\t\t\t\t\t\t\t\t\t\r\n\t\t\t\t\t\t\t\t \r\n\t\t\t\t\t\t\t\t<span class=\"ac_title_class\">\r\n\t\t\t\t\t\t\t\t\t\t\t\t\t\t\t\t\t\t\t\t<span style=\"margin-right:6px;\" class=\"fa fa-eur\"><\/span>\r\n\t\t\t\t\t\t\t\t\t6. Votre mat\u00e9riel est vendu\t\t\t\t\t\t\t\t<\/span>\r\n\t\t\t\t\t\t\t<\/a>\r\n\t\t\t\t\t\t  <\/h4>\r\n\t\t\t\t\t\t<\/div>\r\n\t\t\t\t\t\t<div id=\"ac_52_collapse6\" class=\"wpsm_panel-collapse collapse \"  >\r\n\t\t\t\t\t\t  <div class=\"wpsm_panel-body\">\r\n\t\t\t\t\t\t\tVous recevez un mail vous indiquant que votre mat\u00e9riel est vendu.\r\nVous devez ensuite attendre 14 jours (d\u00e9lai de r\u00e9tractation oblige) avant que la vente ne soit valid\u00e9e.\r\nSi toutefois le client se r\u00e9tracte, la vente est annul\u00e9e et votre produit est remis en vente.\r\nSi la vente est valid\u00e9e, 2 possibilit\u00e9s s\u2019offrent \u00e0 vous, soit nous vous remboursons, soit nous vous faisons un avoir sur notre site. (Voir d\u00e9tail ci-dessous)\t\t\t\t\t\t  <\/div>\r\n\t\t\t\t\t\t<\/div>\r\n\t\t\t\t\t<\/div>\r\n\t\t\t\t\t<!-- Inner panel End -->\r\n\t\t\t\t\t\r\n\t\t\t\t\t\t\t\t\r\n\t\t\t\t\t<!-- Inner panel Start -->\r\n\t\t\t\t\t<div class=\"wpsm_panel wpsm_panel-default\">\r\n\t\t\t\t\t\t<div class=\"wpsm_panel-heading\" role=\"tab\" >\r\n\t\t\t\t\t\t  <h4 class=\"wpsm_panel-title\">\r\n\t\t\t\t\t\t\t<a  class=\"collapsed\"  data-toggle=\"collapse\" data-parent=\"#wpsm_accordion_52 \" href=\"javascript:void(0)\" data-target=\"#ac_52_collapse7\" onclick=\"do_resize()\">\r\n\t\t\t\t\t\t\t\t\t\t\t\t\t\t\t\t\t<span class=\"ac_open_cl_icon fa fa-plus\"><\/span>\r\n\t\t\t\t\t\t\t\t\t\r\n\t\t\t\t\t\t\t\t \r\n\t\t\t\t\t\t\t\t<span class=\"ac_title_class\">\r\n\t\t\t\t\t\t\t\t\t\t\t\t\t\t\t\t\t\t\t\t<span style=\"margin-right:6px;\" class=\"fa fa-euro\"><\/span>\r\n\t\t\t\t\t\t\t\t\t7. Combien vais-je toucher et quand ?\t\t\t\t\t\t\t\t<\/span>\r\n\t\t\t\t\t\t\t<\/a>\r\n\t\t\t\t\t\t  <\/h4>\r\n\t\t\t\t\t\t<\/div>\r\n\t\t\t\t\t\t<div id=\"ac_52_collapse7\" class=\"wpsm_panel-collapse collapse \"  >\r\n\t\t\t\t\t\t  <div class=\"wpsm_panel-body\">\r\n\t\t\t\t\t\t\tSur la vente Photo-univers va pr\u00e9lever une commission de 30% si vous optez pour un remboursement ou seulement 20% si vous optez pour un avoir sur notre site.\r\nLe remboursement se fait par ch\u00e8que ou par virement bancaire dans les 7 jours qui suivent la validation de la vente (14 jours apr\u00e8s achat).\r\nL\u2019avoir est valable sur notre site sans limitation de dur\u00e9e.\t\t\t\t\t\t  <\/div>\r\n\t\t\t\t\t\t<\/div>\r\n\t\t\t\t\t<\/div>\r\n\t\t\t\t\t<!-- Inner panel End -->\r\n\t\t\t\t\t\r\n\t\t\t\t\t\t\t\t\r\n\t\t\t\t\t<!-- Inner panel Start -->\r\n\t\t\t\t\t<div class=\"wpsm_panel wpsm_panel-default\">\r\n\t\t\t\t\t\t<div class=\"wpsm_panel-heading\" role=\"tab\" >\r\n\t\t\t\t\t\t  <h4 class=\"wpsm_panel-title\">\r\n\t\t\t\t\t\t\t<a  class=\"collapsed\"  data-toggle=\"collapse\" data-parent=\"#wpsm_accordion_52 \" href=\"javascript:void(0)\" data-target=\"#ac_52_collapse8\" onclick=\"do_resize()\">\r\n\t\t\t\t\t\t\t\t\t\t\t\t\t\t\t\t\t<span class=\"ac_open_cl_icon fa fa-plus\"><\/span>\r\n\t\t\t\t\t\t\t\t\t\r\n\t\t\t\t\t\t\t\t \r\n\t\t\t\t\t\t\t\t<span class=\"ac_title_class\">\r\n\t\t\t\t\t\t\t\t\t\t\t\t\t\t\t\t\t\t\t\t<span style=\"margin-right:6px;\" class=\"fa fa-money\"><\/span>\r\n\t\t\t\t\t\t\t\t\t8. Pourquoi ces frais ?\t\t\t\t\t\t\t\t<\/span>\r\n\t\t\t\t\t\t\t<\/a>\r\n\t\t\t\t\t\t  <\/h4>\r\n\t\t\t\t\t\t<\/div>\r\n\t\t\t\t\t\t<div id=\"ac_52_collapse8\" class=\"wpsm_panel-collapse collapse \"  >\r\n\t\t\t\t\t\t  <div class=\"wpsm_panel-body\">\r\n\t\t\t\t\t\t\tPhoto-univers contr\u00f4le votre mat\u00e9riel, le nettoie avant la mise en vente. Photo-univers prend \u00e0 sa charge les frais financiers (frais sur les paiements carte bancaire, frais sur le paiement en 3 fois, et assure votre transaction contre la fraude)\r\nPhoto-univers prend \u00e0 sa charge la garantie votre mat\u00e9riel.\r\nPhoto-univers doit d\u00e9gager une marge.\r\nPhoto-univers doit reverser la TVA sur la marge.\r\nExemple, nous vendons un produit 100 \u20ac, nous vous versons 75\u20ac , nous devons payer la TVA 20% sur les 25\u20ac , soit 5\u20ac ).\t\t\t\t\t\t  <\/div>\r\n\t\t\t\t\t\t<\/div>\r\n\t\t\t\t\t<\/div>\r\n\t\t\t\t\t<!-- Inner panel End -->\r\n\t\t\t\t\t\r\n\t\t\t\t\t\t\t\t\r\n\t\t\t\t\t<!-- Inner panel Start -->\r\n\t\t\t\t\t<div class=\"wpsm_panel wpsm_panel-default\">\r\n\t\t\t\t\t\t<div class=\"wpsm_panel-heading\" role=\"tab\" >\r\n\t\t\t\t\t\t  <h4 class=\"wpsm_panel-title\">\r\n\t\t\t\t\t\t\t<a  class=\"collapsed\"  data-toggle=\"collapse\" data-parent=\"#wpsm_accordion_52 \" href=\"javascript:void(0)\" data-target=\"#ac_52_collapse9\" onclick=\"do_resize()\">\r\n\t\t\t\t\t\t\t\t\t\t\t\t\t\t\t\t\t<span class=\"ac_open_cl_icon fa fa-plus\"><\/span>\r\n\t\t\t\t\t\t\t\t\t\r\n\t\t\t\t\t\t\t\t \r\n\t\t\t\t\t\t\t\t<span class=\"ac_title_class\">\r\n\t\t\t\t\t\t\t\t\t\t\t\t\t\t\t\t\t\t\t\t<span style=\"margin-right:6px;\" class=\"fa fa-ambulance\"><\/span>\r\n\t\t\t\t\t\t\t\t\t9. Que se passe t\u2019il en cas d\u2019incident ?\t\t\t\t\t\t\t\t<\/span>\r\n\t\t\t\t\t\t\t<\/a>\r\n\t\t\t\t\t\t  <\/h4>\r\n\t\t\t\t\t\t<\/div>\r\n\t\t\t\t\t\t<div id=\"ac_52_collapse9\" class=\"wpsm_panel-collapse collapse \"  >\r\n\t\t\t\t\t\t  <div class=\"wpsm_panel-body\">\r\n\t\t\t\t\t\t\tEn cas de vol, casse ou incendie dans nos locaux, nous nous engageons \u00e0 vous rembourser le montant du prix de vente d\u00e9duit de la commission de 25%.\t\t\t\t\t\t  <\/div>\r\n\t\t\t\t\t\t<\/div>\r\n\t\t\t\t\t<\/div>\r\n\t\t\t\t\t<!-- Inner panel End -->\r\n\t\t\t\t\t\r\n\t\t\t\t\t\t\t\t\r\n\t\t\t\t\t<!-- Inner panel Start -->\r\n\t\t\t\t\t<div class=\"wpsm_panel wpsm_panel-default\">\r\n\t\t\t\t\t\t<div class=\"wpsm_panel-heading\" role=\"tab\" >\r\n\t\t\t\t\t\t  <h4 class=\"wpsm_panel-title\">\r\n\t\t\t\t\t\t\t<a  class=\"collapsed\"  data-toggle=\"collapse\" data-parent=\"#wpsm_accordion_52 \" href=\"javascript:void(0)\" data-target=\"#ac_52_collapse10\" onclick=\"do_resize()\">\r\n\t\t\t\t\t\t\t\t\t\t\t\t\t\t\t\t\t<span class=\"ac_open_cl_icon fa fa-plus\"><\/span>\r\n\t\t\t\t\t\t\t\t\t\r\n\t\t\t\t\t\t\t\t \r\n\t\t\t\t\t\t\t\t<span class=\"ac_title_class\">\r\n\t\t\t\t\t\t\t\t\t\t\t\t\t\t\t\t\t\t\t\t<span style=\"margin-right:6px;\" class=\"fa fa-frown-o\"><\/span>\r\n\t\t\t\t\t\t\t\t\t10. Votre mat\u00e9riel ne se vend pas \u2026\t\t\t\t\t\t\t\t<\/span>\r\n\t\t\t\t\t\t\t<\/a>\r\n\t\t\t\t\t\t  <\/h4>\r\n\t\t\t\t\t\t<\/div>\r\n\t\t\t\t\t\t<div id=\"ac_52_collapse10\" class=\"wpsm_panel-collapse collapse \"  >\r\n\t\t\t\t\t\t  <div class=\"wpsm_panel-body\">\r\n\t\t\t\t\t\t\tSi au bout de 3 mois, votre mat\u00e9riel n\u2019est pas vendu, son prix de vente est modifi\u00e9 avec une d\u00e9cote de 10%.\r\nSi au bout de 6 mois, votre mat\u00e9riel n\u2019est toujours pas vendu, nous vous retournons votre mat\u00e9riel sans frais.\t\t\t\t\t\t  <\/div>\r\n\t\t\t\t\t\t<\/div>\r\n\t\t\t\t\t<\/div>\r\n\t\t\t\t\t<!-- Inner panel End -->\r\n\t\t\t\t\t\r\n\t\t\t\t\t\t\t\t\r\n\t\t\t\t\t<!-- Inner panel Start -->\r\n\t\t\t\t\t<div class=\"wpsm_panel wpsm_panel-default\">\r\n\t\t\t\t\t\t<div class=\"wpsm_panel-heading\" role=\"tab\" >\r\n\t\t\t\t\t\t  <h4 class=\"wpsm_panel-title\">\r\n\t\t\t\t\t\t\t<a  class=\"collapsed\"  data-toggle=\"collapse\" data-parent=\"#wpsm_accordion_52 \" href=\"javascript:void(0)\" data-target=\"#ac_52_collapse11\" onclick=\"do_resize()\">\r\n\t\t\t\t\t\t\t\t\t\t\t\t\t\t\t\t\t<span class=\"ac_open_cl_icon fa fa-plus\"><\/span>\r\n\t\t\t\t\t\t\t\t\t\r\n\t\t\t\t\t\t\t\t \r\n\t\t\t\t\t\t\t\t<span class=\"ac_title_class\">\r\n\t\t\t\t\t\t\t\t\t\t\t\t\t\t\t\t\t\t\t\t<span style=\"margin-right:6px;\" class=\"fa fa-cubes\"><\/span>\r\n\t\t\t\t\t\t\t\t\t11. Puis-je r\u00e9cup\u00e9rer mon mat\u00e9riel ?\t\t\t\t\t\t\t\t<\/span>\r\n\t\t\t\t\t\t\t<\/a>\r\n\t\t\t\t\t\t  <\/h4>\r\n\t\t\t\t\t\t<\/div>\r\n\t\t\t\t\t\t<div id=\"ac_52_collapse11\" class=\"wpsm_panel-collapse collapse \"  >\r\n\t\t\t\t\t\t  <div class=\"wpsm_panel-body\">\r\n\t\t\t\t\t\t\tVous changez d\u2019avis et souhaitez r\u00e9cup\u00e9rer votre mat\u00e9riel ?\r\nVous \u00eates toujours propri\u00e9taire de votre mat\u00e9riel, vous pouvez donc le r\u00e9cup\u00e9rer \u00e0 tout moment tant qu\u2019il n\u2019est pas vendu. Nous vous retournons votre mat\u00e9riel \u00e0 vos frais. ( 9.90\u20ac \u00e0 payer en ligne sur notre site pour le retour en Colissimo remis contre signature )\t\t\t\t\t\t  <\/div>\r\n\t\t\t\t\t\t<\/div>\r\n\t\t\t\t\t<\/div>\r\n\t\t\t\t\t<!-- Inner panel End -->\r\n\t\t\t\t\t\r\n\t\t\t\t\t\t\t<\/div>\r\n\t\t\t\r\n<script type=\"text\/javascript\">\r\n\t\r\n\t\tfunction do_resize(){\r\n\r\n\t\t\tvar width=jQuery( '.wpsm_panel .wpsm_panel-body iframe' ).width();\r\n\t\t\tvar height=jQuery( '.wpsm_panel .wpsm_panel-body iframe' ).height();\r\n\r\n\t\t\tvar toggleSize = true;\r\n\t\t\tjQuery('iframe').animate({\r\n\t\t\t    width: toggleSize ? width : 640,\r\n\t\t\t    height: toggleSize ? height : 360\r\n\t\t\t  }, 250);\r\n\r\n\t\t\t  toggleSize = !toggleSize;\r\n\t\t}\r\n\t\t\r\n<\/script>\t\n<a class=\"maxbutton-1 maxbutton maxbutton-je-suis-pret-a-mettre-en-depot-vente\" href=\"https:\/\/www.photo-univers.net\/depotvente\/\"><span class='mb-text'>Je suis pr\u00eat \u00e0 mettre en d\u00e9p\u00f4t vente<\/span><\/a>\n","protected":false},"excerpt":{"rendered":"<p class=\"qua-blog-post-description\">NOUVEAU Vendez votre\u00a0mat\u00e9riel photo d&rsquo;occasion\u00a0sur Photo Univers. Confiez-nous votre produit, nous nous chargeons du reste. Une transaction sans souci ! Vendeurs, nous sommes votre interm\u00e9diaire aupr\u00e8s de l\u2019acheteur \u00a0Nous mettons votre produit en ligne, vous b\u00e9n\u00e9ficiez ainsi de notre audience. \u00a0Nous r\u00e9pondons aux questions que peuvent se poser les acheteurs potentiels. \u00a0Nous assurons la transaction [&hellip;]<\/p>\n","protected":false},"author":1,"featured_media":0,"parent":0,"menu_order":0,"comment_status":"closed","ping_status":"closed","template":"","meta":{"footnotes":""},"_links":{"self":[{"href":"https:\/\/www.photo-univers.net\/depotvente\/wp-json\/wp\/v2\/pages\/50"}],"collection":[{"href":"https:\/\/www.photo-univers.net\/depotvente\/wp-json\/wp\/v2\/pages"}],"about":[{"href":"https:\/\/www.photo-univers.net\/depotvente\/wp-json\/wp\/v2\/types\/page"}],"author":[{"embeddable":true,"href":"https:\/\/www.photo-univers.net\/depotvente\/wp-json\/wp\/v2\/users\/1"}],"replies":[{"embeddable":true,"href":"https:\/\/www.photo-univers.net\/depotvente\/wp-json\/wp\/v2\/comments?post=50"}],"version-history":[{"count":7,"href":"https:\/\/www.photo-univers.net\/depotvente\/wp-json\/wp\/v2\/pages\/50\/revisions"}],"predecessor-version":[{"id":11603,"href":"https:\/\/www.photo-univers.net\/depotvente\/wp-json\/wp\/v2\/pages\/50\/revisions\/11603"}],"wp:attachment":[{"href":"https:\/\/www.photo-univers.net\/depotvente\/wp-json\/wp\/v2\/media?parent=50"}],"curies":[{"name":"wp","href":"https:\/\/api.w.org\/{rel}","templated":true}]}}